{"id":12307,"date":"2014-04-16T14:41:49","date_gmt":"2014-04-16T14:41:49","guid":{"rendered":"http:\/\/www.misssantacatarinaoficial.com.br\/portal\/?page_id=12307"},"modified":"2014-07-22T18:31:33","modified_gmt":"2014-07-22T18:31:33","slug":"programacao-miss-sc-2014","status":"publish","type":"page","link":"https:\/\/www.misssantacatarinaoficial.com.br\/portal\/programacao-miss-sc-2014\/","title":{"rendered":"Programa\u00e7\u00e3o Miss SC 2014"},"content":{"rendered":"<p class=\"p1\"><b>DIA 13 de AGOSTO(quarta-feira)<\/b><\/p>\n<p class=\"p1\">O8h &#8211;\u00a0 (EM PONTO): Chegada das candidatas no Grande Hotel, em Itaja\u00ed.<\/p>\n<p class=\"p1\">09h \u2013 (EM PONTO) &#8211; Reuni\u00e3o com as candidatas no reservado do hotel. Candidatas e coordenadores e acompanhantes.<\/p>\n<p class=\"p1\">10h \u2013 SELETIVA \u2013 JURI T\u00c9CNICO. Somente candidatas e juri t\u00e9cnico.<\/p>\n<p class=\"p1\">12H30- SA\u00cdDA PARA ALMO\u00c7O \u2013 Maramb\u00e1ia Gourmet \u2013 Balne\u00e1rio Cambori\u00fa.<\/p>\n<p class=\"p1\">14h \u2013 Retorno das misses do almo\u00e7o. Candidatas voltam para a seletiva com j\u00fari t\u00e9cnico.<\/p>\n<p class=\"p1\">17h30 \u2013 ENSAIO \u2013 GUARANI ??<\/p>\n<p class=\"p1\">19h30 &#8211; Retorno para o hotel.<\/p>\n<p class=\"p1\">21h \u2013 Sa\u00edda para o jantar no Indai\u00e1 Restaurante\/Itapema (misses, coordenadores e ou acompanhantes e coordena\u00e7\u00e3o).<\/p>\n<p class=\"p1\">23h30 \u2013 Retorno para o hotel<\/p>\n<p class=\"p1\">\n<p class=\"p1\"><b>DIA 14 de AGOSTO(quinta-feira)<\/b><\/p>\n<p class=\"p1\">07h \u2013 Caf\u00e9 da manh\u00e3 no hotel.<\/p>\n<p class=\"p1\">08h \u2013 Visita ao Gabinete do Prefeito\u00a0 Jandir Bellini \u2013 Prefeitura Municipal de Itaja\u00ed.<\/p>\n<p class=\"p1\">09h &#8211; Sa\u00edda para ensaio no Clube Guarani.<\/p>\n<p class=\"p1\">12h30 \u2013 Sa\u00edda para almo\u00e7o DAL COSTA-ILHOTA<\/p>\n<p class=\"p1\">14h \u2013 Sa\u00edda para passeios e visitas BCW<\/p>\n<p class=\"p1\">16h \u2013 Fotos oficiais das misses e Prova Melhor Corpo no Beto Carrero World. <b>(misses, coordenadores e ou acompanhantes e coordena\u00e7\u00e3o).<\/b><\/p>\n<p class=\"p1\">19h \u2013 coquetel no BCW.<\/p>\n<p class=\"p1\">20h30 \u2013 Retorno ao hotel.<\/p>\n<p class=\"p1\">\n<p class=\"p1\"><b>\u00a0<\/b><\/p>\n<p class=\"p1\"><b>DIA 15 de AGOSTO(sexta-feira) \u2013<\/b><\/p>\n<p class=\"p1\">07h \u2013 Caf\u00e9 da manh\u00e3 no hotel.<\/p>\n<p class=\"p1\">08h \u2013 Sa\u00edda para ensaio<\/p>\n<p class=\"p1\">12h30 \u2013 Sa\u00edda para almo\u00e7o. CASA DO CAMAR\u00c3O\/BC<\/p>\n<p class=\"p1\">14h \u2013 Passeios e visitas. PARQUE COLINA \u2013 NOVA TRENTO<\/p>\n<p class=\"p1\">18h \u2013 Caf\u00e9 Colonial, em Nova Trento ???<\/p>\n<p class=\"p1\">19h \u2013 Retorno ao Hotel.<\/p>\n<p class=\"p1\">22h \u2013 Jantar. MARINA TEDESCO\/PUERTO MEXICANO\/BC \u2013 Escolha da Miss Eleg\u00e2ncia. Somente misses e equipe da coordena\u00e7\u00e3o estadual)<\/p>\n<p class=\"p1\">24h \u2013 Retorno ao hotel.<\/p>\n<p class=\"p1\">\n<p class=\"p1\"><b>DIA 16 de AGOSTO(s\u00e1bado)<\/b><\/p>\n<p class=\"p1\">7h \u2013 Caf\u00e9 da manh\u00e3.<\/p>\n<p class=\"p1\">8h \u2013 Sa\u00edda para ensaio<\/p>\n<p class=\"p1\">12h \u2013 Almo\u00e7o. Restaurante GUARANI-ITAJA\u00cd<\/p>\n<p class=\"p1\">14h \u2013 Produ\u00e7\u00e3o \u2013 Hotel.<\/p>\n<p class=\"p1\">18H \u2013 Sa\u00edda para coquetel \u00a0GUARANI<b>(misses e jurados)<\/b><\/p>\n<p class=\"p1\"><b>22h \u2013 In\u00edcio do CONCURSO MISS\u00a0 SANTA CATARINA 2014<\/b><\/p>\n<p class=\"p1\"><b>\u00a0<\/b><\/p>\n<p class=\"p1\"><b>TRAJE PARA O P\u00daBLICO: de acordo com seu estilo (sport chique)<\/b><\/p>\n<p class=\"p1\"><b>\u00a0<\/b><\/p>\n<p class=\"p1\"><b>24H at\u00e9 01h do dia 17\/08 \u2013 SA\u00cdDA DO CLUBE PARA O HOTEL<\/b><\/p>\n<p class=\"p1\">\n<p class=\"p1\"><b>DIA 17 de AGOSTO<\/b><\/p>\n<p class=\"p1\">Caf\u00e9 da manh\u00e3<\/p>\n<p class=\"p1\">Sa\u00edda das candidatas do hotel at\u00e9 \u00e0s 12h, e retorno \u00e0s suas cidades de origem.<\/p>\n","protected":false},"excerpt":{"rendered":"<p>DIA 13 de AGOSTO(quarta-feira) O8h &#8211;\u00a0 (EM PONTO): Chegada das candidatas no Grande Hotel, em<\/p>\n","protected":false},"author":1,"featured_media":0,"parent":0,"menu_order":0,"comment_status":"closed","ping_status":"open","template":"","meta":{"footnotes":""},"class_list":["post-12307","page","type-page","status-publish","hentry"],"_links":{"self":[{"href":"https:\/\/www.misssantacatarinaoficial.com.br\/portal\/wp-json\/wp\/v2\/pages\/12307","targetHints":{"allow":["GET"]}}],"collection":[{"href":"https:\/\/www.misssantacatarinaoficial.com.br\/portal\/wp-json\/wp\/v2\/pages"}],"about":[{"href":"https:\/\/www.misssantacatarinaoficial.com.br\/portal\/wp-json\/wp\/v2\/types\/page"}],"author":[{"embeddable":true,"href":"https:\/\/www.misssantacatarinaoficial.com.br\/portal\/wp-json\/wp\/v2\/users\/1"}],"replies":[{"embeddable":true,"href":"https:\/\/www.misssantacatarinaoficial.com.br\/portal\/wp-json\/wp\/v2\/comments?post=12307"}],"version-history":[{"count":2,"href":"https:\/\/www.misssantacatarinaoficial.com.br\/portal\/wp-json\/wp\/v2\/pages\/12307\/revisions"}],"predecessor-version":[{"id":13877,"href":"https:\/\/www.misssantacatarinaoficial.com.br\/portal\/wp-json\/wp\/v2\/pages\/12307\/revisions\/13877"}],"wp:attachment":[{"href":"https:\/\/www.misssantacatarinaoficial.com.br\/portal\/wp-json\/wp\/v2\/media?parent=12307"}],"curies":[{"name":"wp","href":"https:\/\/api.w.org\/{rel}","templated":true}]}}