{"id":3,"date":"2011-12-17T14:24:26","date_gmt":"2011-12-17T14:24:26","guid":{"rendered":"http:\/\/www.misssantacatarinaoficial.com.br\/portal\/?page_id=2"},"modified":"2023-06-30T17:22:41","modified_gmt":"2023-06-30T17:22:41","slug":"institucional","status":"publish","type":"page","link":"https:\/\/www.misssantacatarinaoficial.com.br\/portal\/institucional\/","title":{"rendered":"Institucional"},"content":{"rendered":"<p><strong>Conhe\u00e7a T\u00falio C\u00e9sar Cordeiro<\/strong><\/p>\n<p><a href=\"https:\/\/www.misssantacatarinaoficial.com.br\/portal\/wp-content\/uploads\/tulio_cesar_cordeiro.png\"><img loading=\"lazy\" decoding=\"async\" class=\"alignleft size-full wp-image-311\" style=\"margin-left: 5px; margin-right: 5px;\" title=\"tulio_cesar_cordeiro\" src=\"https:\/\/www.misssantacatarinaoficial.com.br\/portal\/wp-content\/uploads\/tulio_cesar_cordeiro.png\" alt=\"\" width=\"230\" height=\"368\" align=\"left\" srcset=\"https:\/\/www.misssantacatarinaoficial.com.br\/portal\/wp-content\/uploads\/tulio_cesar_cordeiro.png 230w, https:\/\/www.misssantacatarinaoficial.com.br\/portal\/wp-content\/uploads\/tulio_cesar_cordeiro-187x300.png 187w\" sizes=\"auto, (max-width: 230px) 100vw, 230px\" \/><\/a><\/p>\n<p><strong>T\u00falio C\u00e9sar Cordeiro<\/strong>, nasceu em 23 de maio de 1962, \u00e9 natural de Ituporanga \u2013 SC, filho de Herondina Felber Cordeiro (in memorian) e Wiland Atalino Cordeiro (in memorian).<\/p>\n<p>T\u00falio \u00e9 formado em Estudos Sociais \u2013 FEPEVI \u2013 e Jornalismo \u2013 UNIVALI \u2013 Itaja\u00ed -SC.<\/p>\n<p>\u00c9 micro-empres\u00e1rio, propriet\u00e1rio da ag\u00eancia Crazy\u00b4s Models. Faz presta\u00e7\u00e3o de servi\u00e7os de agenciamento de modelos para comerciais, desfiles e campanhas publicit\u00e1rias. Assim como promo\u00e7\u00f5es e eventos e agenciamento de recepcionistas (Ex: durante 28 anos fez a recep\u00e7\u00e3o da maior festa de gala do estado, A Noite de Gala Catarinense da colunista social Neusa Manske Hoemke- in memorian).<\/p>\n<p><strong>\u00c9 jornalista formado pela Univali de Itaja\u00ed \u2013 SC no ano de 2008. Tendo o seu registro sob o n\u00ba DRT sc 02172 \u2013 JP.<\/strong><\/p>\n<p>Algumas de suas Atividades:<\/p>\n<p><strong>*Diretor da Crazy\u00b4s Promo\u00e7\u00f5es &amp; Eventos \/ Crazy\u00b4s Models h\u00e1 43 anos<\/strong>.<\/p>\n<p>*Colunista social: com passagens pelos \u2013 Jornal O Sol, Jornal JBC, Jornal da Jackie, Jornal de Santa Catarina (10 anos) e\u00a0no Di\u00e1rio do Litoral \u2013 DIARINHO (6 anos)<\/p>\n<p><strong>*<\/strong>Uma coluna de moda na Revista Tudo de Bom, encartada quinzenalmente no DIARINHO(3 anos)<strong><br \/>\n<\/strong>*Organiza\u00e7\u00e3o de eventos, desde o projeto at\u00e9 a execu\u00e7\u00e3o (or\u00e7amentos de todos os itens para uma festa).<\/p>\n<p>*Assessor de imprensa e Promoter de diversas casas noturnas. Entre elas: Rancho Maria\u00b4s, Ibiza, Baturit\u00e9, Obvio, Rei Club, Akropolis, Angel, Kaiser(navios), P\u00f3lo Play, Andy Ern e R\u00e1dio Metropolitana FM 102.1). Com festas de inaugura\u00e7\u00e3o e promo\u00e7\u00f5es diversas na \u00e1rea.<\/p>\n<p>*Maquiador Profissional h\u00e1 43 anos.<\/p>\n<p>*Professor de passarela h\u00e1 40 anos.<\/p>\n<p>*Produtor \u2013 core\u00f3grafo de concursos e milhares de desfiles de modas ao longo da carreira: Ex: Atl\u00e2ntico Fashion durante cinco anos.<\/p>\n<p>*Apresentador de cerimoniais de inaugura\u00e7\u00f5es, bailes de debutantes, concursos de beleza etc.<\/p>\n<p>*Apresentador de TV: Programa BADALANDO E BADALA\u00c7\u00c3O na TV Mocinha.<\/p>\n<p>*Apresentador do quadro FULL TIME na TV Panorama (CULTURA), canal 11 e 19, dentro da programa\u00e7\u00e3o do Programa Vera Toledo, onde tamb\u00e9m atuou como rep\u00f3rter.<\/p>\n<p>*Comerciante: Por duas vezes com a CRAZY\u2019S \u2013 loja de moda masculina no Atl\u00e2ntico Shopping e no Cambori\u00fa Praia Shopping, ambos em Balne\u00e1rio Cambori\u00fa.<\/p>\n<p>Promo\u00e7\u00f5es:<\/p>\n<p>*CONCURSOS: Rainha dos Estudantes de Balne\u00e1rio Cambori\u00fa, Glamour Girl de Balne\u00e1rio Cambori\u00fa e Santa Catarina, Garota Ver\u00e3o, Garota Whiskad\u00e3o, Garota Baturit\u00e9, Garota Casa Blanca, Rainha das Praias, Gata da Praia de SC, Rainha dos Balne\u00e1rios, Rainha da Gin\u00e1stica na Praia de Santa Catarina, Miss Turismo Santa Catarina, Miss Estado SC, Miss Santa Catarina Mundo, entre outros. Todos com realiza\u00e7\u00f5es entre 5 a 10 e 15 anos.<\/p>\n<p>\u2013 Miss Balne\u00e1rio Cambori\u00fa \u2013 Desde 1980 a 2006<\/p>\n<p>\u2013 Miss Itaja\u00ed \u2013 Desde 2001a 2006<\/p>\n<p>\u2013 Miss Itapema \u2013 Desde 2000 a 2006.<\/p>\n<p>\u2013 Prepara\u00e7\u00e3o de dezenas de outras candidatas do estado para o Miss SC.<\/p>\n<p>\u2013 Prepara\u00e7\u00e3o de dezenas de candidatas para o Miss Brasil Universo, Mundo e Beleza Internacional. E envio de candidatas para concursos internacionais, entre eles, durante cinco anos, para a Col\u00f4mbia no Miss Internacional Del Caf\u00e9. At\u00e9 2006. Com um acervo de t\u00edtulos invej\u00e1vel, levando candidata, inclusive para o Miss Mundo em 2000.<\/p>\n<p>*Promo\u00e7\u00e3o Noite dos Destaques de Santa Catarina \u2013 Pr\u00eamio \u2013 Vit\u00f3ria R\u00e9gia \u2013 At\u00e9 a XVI Edi\u00e7\u00e3o.<\/p>\n<p>*Promo\u00e7\u00e3o do Concurso Musa Santa Catarina\/ Musa Brasil \u2013 desde 1993.<\/p>\n<p>*Promo\u00e7\u00e3o do Concurso Miss Estado SC 1991. Miss Brasil\/Universo<\/p>\n<p>*Promo\u00e7\u00e3o do Concurso Miss Santa Catarina Mundo 91- 92 \u2013 93 e 2006. Miss Brasil Mundo<\/p>\n<p>*Promo\u00e7\u00e3o do Concurso Mister Santa Catarina \u2013 2007.<\/p>\n<p>SELETIVAS: The Look of The Year, Dimension Top Model, Ant\u00e1rtica Super Model of The World<\/p>\n<p><strong>MISS UNIVERSO: Prestigiou em Miami(1997), em S\u00e3o Paulo(2011) e em Moscou(2013) e em Las Vegas(2017)<\/strong><\/p>\n<p><strong>MISS MUNDO: em Londres(2000)<\/strong><\/p>\n<p><strong>CONCURSOS QUE ENVIOU CANDIDATAS:<\/strong><\/p>\n<p><strong>MISS BRASIL\/BELEZA INTERNACIONAL. Ilha Porchat \u2013 1990.<\/strong><\/p>\n<p><strong>MISS WORLD: em Londres(2000)<\/strong><\/p>\n<p><strong>MISS MUNDO BRASIL\u00a0<\/strong>1991-1992-1993-2006<\/p>\n<p>REINA INTERNACIONAL DEL CAF\u00c9: 2000,\u00a0<strong>2001<\/strong>, 2002, 2003, 2006. Colombia<\/p>\n<p>MISS AMERICA LATINA: 2000\/<strong>2001(Nicar\u00e1gua) \u2013<\/strong>2001<strong>\/<\/strong>2002(Rep\u00fablica Dominicana)<\/p>\n<p>MESO AM\u00c9RICA: 2001(Estados Unidos)<\/p>\n<p>REINA MUNDIAL DEL BANANO: (Equador)1995<\/p>\n<p>REINA INTERNACIONAL DE LA COSTA: (Costa Rica) 1994<\/p>\n<p>REINA SUDAMERICANA:\u00a0<strong>2006<\/strong><\/p>\n<p>TOP MODEL OF THE WORLD: (Alemanha)1999<\/p>\n<p>MISS BRASIL UNIVERSO \u2013 OFICIAL<strong>\u00a0Miss Brasil Oficial \u2013 Universo\/Beleza Internacional, 2007, 2008, 2009, 2010, 2011, 2012, 2013,<\/strong><\/p>\n<p>MISS BRASIL UNIVERSO \u2013 OFICIAL\u00a0<strong>2014, 2015, 2016, 2017, 2018 e 2019. 2020 (mudan\u00e7a de organiza\u00e7\u00e3o nacional )<\/strong><\/p>\n<p>MISS BRASIL AM\u00c9RICA LATINA \u2013 1995 \u2013 1998<\/p>\n<p>MISS BRASIL TURISMO \u2013 1998\/99<\/p>\n<p>MISS TURISMO<\/p>\n<p>MISS N\u00cdVEA BRASIL<\/p>\n<p>MISS ECO BRASIL<\/p>\n<p>MISS TEENAGER BRASIL<\/p>\n<p>GAROTA PRAIA BONITA\/BRASIL<\/p>\n<p>*Promo\u00e7\u00e3o: Feijoada do Tulio \u2013 Est\u00e1 na 8\u00aa Edi\u00e7\u00e3o \u2013 Considerada a maior Feijoada da regi\u00e3o\/litoral. Festa que j\u00e1 ganhou p\u00e1gina inteira da Revista Caras, Amiga e Desfile.<\/p>\n<p>*Vice-coordenador e preparador de misses de Santa Catarina em 2005 e 2006, para o Miss Brasil Oficial<\/p>\n<p><strong>*Diretor do Concurso Miss\u00a0Santa Catarina, vers\u00e3o Miss Brasil Oficial \u2013 Universo\/Beleza Internacional, 2007, 2008, 2009, 2010. 2011. GAETA E Band.<\/strong><\/p>\n<p><strong>Coordenador estadual Miss Santa Catarina Beleza Internacional -Miss Brasil Beleza Internacional; 2018 convidou candidata estadual (foi eleita Miss Brasil Beleza Internacional), 2019 indicou candidata (Top 5 no Miss Brasil Beleza Internacional), 2020 indicou candidata (candidata renunciou antes de participar do nacional que n\u00e3o aconteceu por conta da pandemia). *\u00c9 o coordenador estadual para a pr\u00f3xima temporada de 2023.<\/strong><\/p>\n<p><strong>Coordenador Estadual Miss Brasil\/Universo \u2013 BAND \u2013 2012, 2013, 2014,<\/strong><\/p>\n<p><strong>Coordenador Estadual licenciado Miss Brasil\/Universo 2015, 2016, 2017, 2018 e 2019. POLISHOP\/BE Emotion. <\/strong><\/p>\n<p><strong>Em 2020 a Miss SC eleita n\u00e3o participou da seletiva nacional por conta da mudan\u00e7a de Organiza\u00e7\u00e3o Nacional. Teve aclama\u00e7\u00e3o de candidata representante do Brasil para o Miss Universo.<\/strong><\/p>\n<p><strong>*Coordenador estadual do\u00a0<\/strong>Concurso Miss Estado SC 1991, para o concurso Miss Brasil\/Universo 1991.<\/p>\n<p>*Misses Balne\u00e1rio Cambori\u00fa e Santa Catarina\/Brasil-Universo, eleitas como coordenador municipal: 1980, 1986, 1993, 1994, 1998, 2000, \u2013 2014\/coordenador estadual.<\/p>\n<p>*Coordenador do estado de Santa Catarina para o concurso \u201cMusa Brasil\u201d. 1993, 1994,\u00a0<strong>1995,<\/strong>1996,\u00a0<strong>1997,<\/strong>\u00a01998, 1999, 2000,\u00a0<strong>2001<\/strong>, 2002, 2003,\u00a0<strong>2004<\/strong>, 2005,\u00a0<strong>2006<\/strong>, 2007, 2008, 2009, 2010, 2011, 2012.<\/p>\n<p>*Coordenador do estado de Santa Catarina para o concurso \u201cBeleza Brasil\u201d e Miss TERRA Brasil, que leva ao Miss Terra \u2013 Miss Earth. 2008, 2009, 2010 (coordena\u00e7\u00e3o nacional Jos\u00e9 Alonso)\u00a0e 2022, 2023 e 2024 ( Miss Brasil Terra\u00a0 \u2013\u00a0 Diretor Marcelo\u00a0 Riformato )<\/p>\n<p>*Coordenador Miss Teen SC para o Miss Teenager Brasil 2011 e 2013<\/p>\n<p>*Coordenador de SC para o concurso Garota Praia Bonita\/Brasil 2015.<\/p>\n<p><strong>*Atualmente coordenador do Concurso Miss Santa Catarina\u00a0TERRA 2024 e de alguns munic\u00edpios que n\u00e3o possuem coordenador municipal e ou regional.<\/strong><\/p>\n<p><strong>*Atualmente coordenador do Concurso Miss Santa Catarina\u00a0BELEZA INTERNACIONAL\u00a0 2023. <\/strong><\/p>\n<p>Viagens:<\/p>\n<p>Para poder desenvolver os trabalhos com profissionalismo e dedica\u00e7\u00e3o, realizou viagens para Europa (total de 6).<\/p>\n<p>Todas \u00e0s capitais e principais cidades da Inglaterra, Fran\u00e7a, It\u00e1lia, Pol\u00f4nia, Espanha, Russia, Portugal, B\u00e9lgica, Su\u00ed\u00e7a, Luxemburgo, M\u00f4naco, Holanda, Alemanha, Gr\u00e9cia e Turquia. Moda, eventos e lazer.<\/p>\n<p>Estados Unidos: 12 viagens para New York e 5 para Miami, 2 para Las Vegas, Los Angeles, Washington, Boston, Atlantic City, San Francisco, Philad\u00e9lfia, Chicago entre outras. Viagens de neg\u00f3cios para o ramo de moda, eventos e lazer.<\/p>\n<p>AFRICA: Marrocos(Marrakech). Egito (Cairo, Luxor, Aswan, Edfu) \u00a0&#8211; Lazer!<\/p>\n<p>Africa do Sul: Joanesburgo, Cidade do Cabo, Sun City. Lazer!<\/p>\n<p>M\u00c9XICO: 2 viagens para a Cidade do M\u00e9xico. Lazer e neg\u00f3cios.<\/p>\n<p>BAHAMAS \u2013 Turismo.<\/p>\n<p>ISRAEL \u2013 Jerusal\u00e9m e Telavive.<\/p>\n<p>GR\u00c9CIA \u2013 Atenas.<\/p>\n<p>TURQUIA \u2013 Istambul<\/p>\n<p>EMIRADOS ARABES \u2013 Dubai, Abu Dhabi.<\/p>\n<p>*No Brasil conhece: RS, PR, SP, RJ, MS, MT, MG, DF, BA, PE, AM, GO, RO, CE, AC e AL. Capitais e algumas cidades.<\/p>\n<p>Idiomas<\/p>\n<p>*INGL\u00caS \u2013 Intermedi\u00e1rio \u2013 Wizard<\/p>\n<p>*Ingl\u00eas \u2013 Intermedi\u00e1rio \u2013 ROCKFELLER<\/p>\n<p>*ESPANHOL \u2013 Fala o b\u00e1sico e entende muito.<\/p>\n<p>Homenagens e Pr\u00eamios<\/p>\n<p>Recebeu in\u00fameros trof\u00e9us no segmento de ag\u00eancia de modelos, promo\u00e7\u00f5es e eventos, colunista e agraciado com o pr\u00eamio \u201cGigantes\u201d e por duas vezes como Amigo da Cidade de Balne\u00e1rio Cambori\u00fa. Pr\u00eamios em 2007: Trof\u00e9u FEBRACOS e Trof\u00e9u da PODHIUM Pesquisas, como colunista social mais votado do litoral catarinense. Homenageado na 20\u00aa Edi\u00e7\u00e3o da Noite de Gala Catarinense, onde recebeu a Ta\u00e7a de Cristal. Pr\u00eamio\u00a0Phodium em 2008 e 2009 como colunista. Pr\u00eamio Qualidade Catarinense 2009 como melhor ag\u00eancia de modelos de Santa Catarina. Entre outras tantas homenagens como colunista social e pela Crazy\u2019s Models. 2010,2011 E 2012(Crazy\u2019s Models). Premia\u00e7\u00e3o recebida de A Revista.<\/p>\n<p>T\u00daLIO C\u00c9SAR CORDEIRO<\/p>\n<p>Diretor da Crazy\u00b4s Models<br \/>\n<a href=\"https:\/\/maps.google.com\/?q=Rua:+Julieta+Lins+N%C2%B0+404&amp;entry=gmail&amp;source=g\">Rua: Julieta Lins N\u00b0 404<\/a>\u00a0Bairro Pioneiros<br \/>\nBalne\u00e1rio Cambori\u00fa S\/C Cep: 88331-010<br \/>\nFone\/Fax<strong>: (47) 3367- 0708\u00a0<\/strong>(comercial) \u2013 47- 33670590 (residencial)\u00a0\/ Cel Whats 47-999853720(TIM)<\/p>\n<p>E-mail:\u00a0<a href=\"mailto:crazys.tulio@gmail.com\">crazys.tulio@gmail.com<br \/>\n<\/a><a href=\"mailto:tulio.crazys@gmail.com\">tulio.crazys@gmail.com<\/a><\/p>\n<p>Instagram @misssantacatarinaoficial<\/p>\n<p>@missscbelezainternacional @missbalneariocamboriuoficial @crazysmodels<\/p>\n<p>SITES:\u00a0<a href=\"http:\/\/www.misssantacatarinaoficial.com.br\/\">www.misssantacatarinaoficial.com.br<\/a>\u00a0|\u00a0<a href=\"http:\/\/www.crazys.com.br\/\">www.crazys.com.br<\/a><\/p>\n<p>Fanpage: Miss Santa Catarina<\/p>\n<p>Perfil no Facebook: Viva Vida |\u00a0 Tuta Cordeiro<\/p>\n<p>&nbsp;<\/p>\n","protected":false},"excerpt":{"rendered":"<p>Conhe\u00e7a T\u00falio C\u00e9sar Cordeiro T\u00falio C\u00e9sar Cordeiro, nasceu em 23 de maio de 1962, \u00e9<\/p>\n","protected":false},"author":1,"featured_media":0,"parent":0,"menu_order":0,"comment_status":"closed","ping_status":"open","template":"","meta":{"footnotes":""},"class_list":["post-3","page","type-page","status-publish","hentry"],"_links":{"self":[{"href":"https:\/\/www.misssantacatarinaoficial.com.br\/portal\/wp-json\/wp\/v2\/pages\/3","targetHints":{"allow":["GET"]}}],"collection":[{"href":"https:\/\/www.misssantacatarinaoficial.com.br\/portal\/wp-json\/wp\/v2\/pages"}],"about":[{"href":"https:\/\/www.misssantacatarinaoficial.com.br\/portal\/wp-json\/wp\/v2\/types\/page"}],"author":[{"embeddable":true,"href":"https:\/\/www.misssantacatarinaoficial.com.br\/portal\/wp-json\/wp\/v2\/users\/1"}],"replies":[{"embeddable":true,"href":"https:\/\/www.misssantacatarinaoficial.com.br\/portal\/wp-json\/wp\/v2\/comments?post=3"}],"version-history":[{"count":21,"href":"https:\/\/www.misssantacatarinaoficial.com.br\/portal\/wp-json\/wp\/v2\/pages\/3\/revisions"}],"predecessor-version":[{"id":31521,"href":"https:\/\/www.misssantacatarinaoficial.com.br\/portal\/wp-json\/wp\/v2\/pages\/3\/revisions\/31521"}],"wp:attachment":[{"href":"https:\/\/www.misssantacatarinaoficial.com.br\/portal\/wp-json\/wp\/v2\/media?parent=3"}],"curies":[{"name":"wp","href":"https:\/\/api.w.org\/{rel}","templated":true}]}}