{"id":31368,"date":"2022-07-11T16:57:36","date_gmt":"2022-07-11T16:57:36","guid":{"rendered":"http:\/\/www.misssantacatarinaoficial.com.br\/portal\/?page_id=31368"},"modified":"2022-07-11T16:58:35","modified_gmt":"2022-07-11T16:58:35","slug":"inscricoes-2022","status":"publish","type":"page","link":"https:\/\/www.misssantacatarinaoficial.com.br\/portal\/inscricoes-2022\/","title":{"rendered":"INSCRI\u00c7\u00d5ES 2022"},"content":{"rendered":"<p><img loading=\"lazy\" decoding=\"async\" class=\"size-medium wp-image-31357 aligncenter\" src=\"https:\/\/www.misssantacatarinaoficial.com.br\/portal\/wp-content\/uploads\/LogoMiss_colorida-300x71.png\" alt=\"LogoMiss_colorida\" width=\"300\" height=\"71\" srcset=\"https:\/\/www.misssantacatarinaoficial.com.br\/portal\/wp-content\/uploads\/LogoMiss_colorida-300x71.png 300w, https:\/\/www.misssantacatarinaoficial.com.br\/portal\/wp-content\/uploads\/LogoMiss_colorida-610x144.png 610w, https:\/\/www.misssantacatarinaoficial.com.br\/portal\/wp-content\/uploads\/LogoMiss_colorida.png 984w\" sizes=\"auto, (max-width: 300px) 100vw, 300px\" \/><\/p>\n<p>Ol\u00e1 candidata!<\/p>\n<p>Est\u00e3o abertas as inscri\u00e7\u00f5es do\u00a0MISS SANTA CATARINA TERRA 2022!<\/p>\n<p>Para participar, baixe o regulamento, leia-o atentamente, preencha a ficha de inscri\u00e7\u00e3o e envie para a Organiza\u00e7\u00e3o Estadual, atrav\u00e9s do e-mail:\u00a0<strong>tulio.crazys@gmail.com<\/strong><\/p>\n<p>&nbsp;<\/p>\n<p>Caso tenha alguma d\u00favida, voc\u00ea poder\u00e1 fazer contato via WhatsApp:\u00a0<strong>(47) 99985.3720<\/strong><\/p>\n<p>&nbsp;<\/p>\n<p>A Organiza\u00e7\u00e3o Estadual deseja uma caminhada repleta de aprendizados a todas as concorrentes.<\/p>\n<p>&nbsp;<\/p>\n<p>INSCREVA-SE!<\/p>\n<p><strong><span style=\"color: #ff0000;\">Baixe o Regulamento e a Ficha de Inscri\u00e7\u00e3o:<\/span><\/strong><\/p>\n<p><span style=\"color: #ff0000;\"><strong><a style=\"color: #ff0000;\" href=\"https:\/\/www.misssantacatarinaoficial.com.br\/portal\/wp-content\/uploads\/REGULAMENTO_MISS_SC_TERRA_20221.pdf\">REGULAMENTO_MISS_SC_TERRA_2022<\/a><\/strong><\/span><\/p>\n","protected":false},"excerpt":{"rendered":"<p>Ol\u00e1 candidata! Est\u00e3o abertas as inscri\u00e7\u00f5es do\u00a0MISS SANTA CATARINA TERRA 2022! Para participar, baixe o<\/p>\n","protected":false},"author":1,"featured_media":0,"parent":0,"menu_order":0,"comment_status":"closed","ping_status":"open","template":"","meta":{"footnotes":""},"class_list":["post-31368","page","type-page","status-publish","hentry"],"_links":{"self":[{"href":"https:\/\/www.misssantacatarinaoficial.com.br\/portal\/wp-json\/wp\/v2\/pages\/31368","targetHints":{"allow":["GET"]}}],"collection":[{"href":"https:\/\/www.misssantacatarinaoficial.com.br\/portal\/wp-json\/wp\/v2\/pages"}],"about":[{"href":"https:\/\/www.misssantacatarinaoficial.com.br\/portal\/wp-json\/wp\/v2\/types\/page"}],"author":[{"embeddable":true,"href":"https:\/\/www.misssantacatarinaoficial.com.br\/portal\/wp-json\/wp\/v2\/users\/1"}],"replies":[{"embeddable":true,"href":"https:\/\/www.misssantacatarinaoficial.com.br\/portal\/wp-json\/wp\/v2\/comments?post=31368"}],"version-history":[{"count":2,"href":"https:\/\/www.misssantacatarinaoficial.com.br\/portal\/wp-json\/wp\/v2\/pages\/31368\/revisions"}],"predecessor-version":[{"id":31377,"href":"https:\/\/www.misssantacatarinaoficial.com.br\/portal\/wp-json\/wp\/v2\/pages\/31368\/revisions\/31377"}],"wp:attachment":[{"href":"https:\/\/www.misssantacatarinaoficial.com.br\/portal\/wp-json\/wp\/v2\/media?parent=31368"}],"curies":[{"name":"wp","href":"https:\/\/api.w.org\/{rel}","templated":true}]}}