{"id":35,"date":"2012-01-24T23:36:34","date_gmt":"2012-01-24T23:36:34","guid":{"rendered":"http:\/\/www.misssantacatarinaoficial.com.br\/portal\/?page_id=35"},"modified":"2022-07-11T18:41:24","modified_gmt":"2022-07-11T18:41:24","slug":"contato","status":"publish","type":"page","link":"https:\/\/www.misssantacatarinaoficial.com.br\/portal\/contato\/","title":{"rendered":"Contato"},"content":{"rendered":"<p>PREENCHA O FORMUL\u00c1RIO ABAIXO<\/p>\n\n<div class=\"wpcf7 no-js\" id=\"wpcf7-f339-o1\" lang=\"\" dir=\"ltr\" data-wpcf7-id=\"339\">\n<div class=\"screen-reader-response\"><p role=\"status\" aria-live=\"polite\" aria-atomic=\"true\"><\/p> <ul><\/ul><\/div>\n<form action=\"\/portal\/wp-json\/wp\/v2\/pages\/35#wpcf7-f339-o1\" method=\"post\" class=\"wpcf7-form init\" aria-label=\"Formul\u00e1rios de contato\" novalidate=\"novalidate\" data-status=\"init\">\n<div style=\"display: none;\">\n<input type=\"hidden\" name=\"_wpcf7\" value=\"339\" \/>\n<input type=\"hidden\" name=\"_wpcf7_version\" value=\"6.0.6\" \/>\n<input type=\"hidden\" name=\"_wpcf7_locale\" value=\"\" \/>\n<input type=\"hidden\" name=\"_wpcf7_unit_tag\" value=\"wpcf7-f339-o1\" \/>\n<input type=\"hidden\" name=\"_wpcf7_container_post\" value=\"0\" \/>\n<input type=\"hidden\" name=\"_wpcf7_posted_data_hash\" value=\"\" \/>\n<\/div>\n<p>Seu nome (obrigat\u00f3rio)\n<\/p>\n<p><span class=\"wpcf7-form-control-wrap\" data-name=\"your-name\"><input size=\"40\" maxlength=\"400\" class=\"wpcf7-form-control wpcf7-text wpcf7-validates-as-required\" aria-required=\"true\" aria-invalid=\"false\" value=\"\" type=\"text\" name=\"your-name\" \/><\/span>\n<\/p>\n<p>Seu e-mail (obrigat\u00f3rio)\n<\/p>\n<p><span class=\"wpcf7-form-control-wrap\" data-name=\"your-email\"><input size=\"40\" maxlength=\"400\" class=\"wpcf7-form-control wpcf7-email wpcf7-validates-as-required wpcf7-text wpcf7-validates-as-email\" aria-required=\"true\" aria-invalid=\"false\" value=\"\" type=\"email\" name=\"your-email\" \/><\/span>\n<\/p>\n<p>Assunto\n<\/p>\n<p><span class=\"wpcf7-form-control-wrap\" data-name=\"your-subject\"><input size=\"40\" maxlength=\"400\" class=\"wpcf7-form-control wpcf7-text\" aria-invalid=\"false\" value=\"\" type=\"text\" name=\"your-subject\" \/><\/span>\n<\/p>\n<p>Sua mensagem\n<\/p>\n<p><span class=\"wpcf7-form-control-wrap\" data-name=\"your-message\"><textarea cols=\"40\" rows=\"10\" maxlength=\"2000\" class=\"wpcf7-form-control wpcf7-textarea\" aria-invalid=\"false\" name=\"your-message\"><\/textarea><\/span>\n<\/p>\n<p><input class=\"wpcf7-form-control wpcf7-submit has-spinner\" type=\"submit\" value=\"Enviar\" \/>\n<\/p><div class=\"wpcf7-response-output\" aria-hidden=\"true\"><\/div>\n<\/form>\n<\/div>\n\n<p>&nbsp;<\/p>\n<p><strong>Se preferir, voc\u00ea pode entrar em contato conosco atrav\u00e9s dos canais:<\/strong><\/p>\n<p>E-mails: tulio.crazys@gmail.com<strong>\u00a0<\/strong>| crazysmodels@superig.com.br<br \/>\nFone\/Fax: 47 3367 0708<br \/>\nCelular: 47 9985 3720<\/p>\n<p>End: Rua Julieta Lins 404 \u2013 Pioneiros, Balne\u00e1rio Cambori\u00fa \u2013 SC \u2013 CEP 88331-010<br \/>\nSite: www.crazys.com.br | www.misssantacatarinaoficial.com.br<\/p>\n","protected":false},"excerpt":{"rendered":"<p>PREENCHA O FORMUL\u00c1RIO ABAIXO &nbsp; Se preferir, voc\u00ea pode entrar em contato conosco atrav\u00e9s dos<\/p>\n","protected":false},"author":1,"featured_media":0,"parent":0,"menu_order":0,"comment_status":"closed","ping_status":"open","template":"","meta":{"footnotes":""},"class_list":["post-35","page","type-page","status-publish","hentry"],"_links":{"self":[{"href":"https:\/\/www.misssantacatarinaoficial.com.br\/portal\/wp-json\/wp\/v2\/pages\/35","targetHints":{"allow":["GET"]}}],"collection":[{"href":"https:\/\/www.misssantacatarinaoficial.com.br\/portal\/wp-json\/wp\/v2\/pages"}],"about":[{"href":"https:\/\/www.misssantacatarinaoficial.com.br\/portal\/wp-json\/wp\/v2\/types\/page"}],"author":[{"embeddable":true,"href":"https:\/\/www.misssantacatarinaoficial.com.br\/portal\/wp-json\/wp\/v2\/users\/1"}],"replies":[{"embeddable":true,"href":"https:\/\/www.misssantacatarinaoficial.com.br\/portal\/wp-json\/wp\/v2\/comments?post=35"}],"version-history":[{"count":7,"href":"https:\/\/www.misssantacatarinaoficial.com.br\/portal\/wp-json\/wp\/v2\/pages\/35\/revisions"}],"predecessor-version":[{"id":31383,"href":"https:\/\/www.misssantacatarinaoficial.com.br\/portal\/wp-json\/wp\/v2\/pages\/35\/revisions\/31383"}],"wp:attachment":[{"href":"https:\/\/www.misssantacatarinaoficial.com.br\/portal\/wp-json\/wp\/v2\/media?parent=35"}],"curies":[{"name":"wp","href":"https:\/\/api.w.org\/{rel}","templated":true}]}}